{"id":390,"date":"2025-08-23T13:51:02","date_gmt":"2025-08-23T16:51:02","guid":{"rendered":"https:\/\/www.hservicebrasil.com.br\/?page_id=390"},"modified":"2026-01-30T12:12:24","modified_gmt":"2026-01-30T15:12:24","slug":"home","status":"publish","type":"page","link":"https:\/\/www.hservicebrasil.com.br\/","title":{"rendered":"Home"},"content":{"rendered":"<p>[et_pb_section fb_built=&#8221;1&#8243; _builder_version=&#8221;4.27.4&#8243; _module_preset=&#8221;default&#8221; custom_padding=&#8221;0px||0px||false|false&#8221; global_colors_info=&#8221;{}&#8221;][et_pb_row _builder_version=&#8221;4.27.4&#8243; _module_preset=&#8221;default&#8221; width=&#8221;100%&#8221; max_width=&#8221;1920px&#8221; custom_padding=&#8221;0px||0px||false|false&#8221; global_colors_info=&#8221;{}&#8221;][et_pb_column type=&#8221;4_4&#8243; _builder_version=&#8221;4.27.4&#8243; _module_preset=&#8221;default&#8221; global_colors_info=&#8221;{}&#8221;][et_pb_image src=&#8221;https:\/\/www.hservicebrasil.com.br\/wp-content\/uploads\/2025\/11\/painel-novo3.jpg&#8221; title_text=&#8221;mobile-novo3&#8243; src_tablet=&#8221;https:\/\/www.hservicebrasil.com.br\/wp-content\/uploads\/2025\/11\/painel-novo.jpg&#8221; src_phone=&#8221;https:\/\/www.hservicebrasil.com.br\/wp-content\/uploads\/2025\/11\/mobile-novo3.jpg&#8221; src_last_edited=&#8221;on|phone&#8221; _builder_version=&#8221;4.27.4&#8243; _module_preset=&#8221;default&#8221; global_colors_info=&#8221;{}&#8221;][\/et_pb_image][\/et_pb_column][\/et_pb_row][et_pb_row column_structure=&#8221;1_4,1_4,1_4,1_4&#8243; use_custom_gutter=&#8221;on&#8221; gutter_width=&#8221;1&#8243; _builder_version=&#8221;4.27.4&#8243; _module_preset=&#8221;default&#8221; custom_margin=&#8221;-4px|auto||auto||&#8221; global_colors_info=&#8221;{}&#8221;][et_pb_column type=&#8221;1_4&#8243; _builder_version=&#8221;4.27.4&#8243; _module_preset=&#8221;default&#8221; global_colors_info=&#8221;{}&#8221;][et_pb_image src=&#8221;https:\/\/www.hservicebrasil.com.br\/wp-content\/uploads\/2025\/11\/capa-porfolio-vci.jpg&#8221; title_text=&#8221;capa-porfolio-vci&#8221; url_new_window=&#8221;on&#8221; align=&#8221;center&#8221; _builder_version=&#8221;4.27.4&#8243; _module_preset=&#8221;default&#8221; width=&#8221;50%&#8221; width_tablet=&#8221;50%&#8221; width_phone=&#8221;30%&#8221; width_last_edited=&#8221;on|phone&#8221; custom_margin=&#8221;-60px||||false|false&#8221; border_radii=&#8221;on|5px|5px|5px|5px&#8221; border_width_all=&#8221;4px&#8221; border_color_all=&#8221;#FFFFFF&#8221; global_colors_info=&#8221;{}&#8221;][\/et_pb_image][\/et_pb_column][et_pb_column type=&#8221;1_4&#8243; _builder_version=&#8221;4.27.4&#8243; _module_preset=&#8221;default&#8221; global_colors_info=&#8221;{}&#8221;][et_pb_text _builder_version=&#8221;4.27.4&#8243; _module_preset=&#8221;default&#8221; header_2_font=&#8221;|700||on|||||&#8221; header_2_text_color=&#8221;#E02B20&#8243; header_2_font_size=&#8221;40px&#8221; header_3_font_size=&#8221;16px&#8221; custom_margin=&#8221;10px||||false|false&#8221; link_option_url_new_window=&#8221;on&#8221; text_orientation_tablet=&#8221;&#8221; text_orientation_phone=&#8221;center&#8221; text_orientation_last_edited=&#8221;on|phone&#8221; global_colors_info=&#8221;{}&#8221; header_2_text_color__hover_enabled=&#8221;off|desktop&#8221; header_2_text_color__hover=&#8221;#000000&#8243;]<\/p>\n<h2>Portf\u00f3lio<\/h2>\n<h3>Preserva\u00e7\u00e3o de ativos com VCI<\/h3>\n<p>[\/et_pb_text][et_pb_divider _builder_version=&#8221;4.27.4&#8243; _module_preset=&#8221;default&#8221; width=&#8221;90%&#8221; custom_padding=&#8221;8px||0px||false|false&#8221; global_colors_info=&#8221;{}&#8221;][\/et_pb_divider][et_pb_text _builder_version=&#8221;4.27.4&#8243; _module_preset=&#8221;default&#8221; text_font=&#8221;|700|||||||&#8221; custom_margin=&#8221;-14px|||||&#8221; global_colors_info=&#8221;{}&#8221;]<\/p>\n<p>Baixe o PDF<\/p>\n<p>[\/et_pb_text][dsm_menu menu_id=&#8221;6&#8243; submenu_collapse=&#8221;on&#8221; menu_link_text_color=&#8221;#E02B20&#8243; active_link_color=&#8221;#E02B20&#8243; menu_link_text_active_color=&#8221;#E02B20&#8243; menu_link_text_visited_color=&#8221;#E02B20&#8243; menu_left_space=&#8221;1px&#8221; list_style_position=&#8221;outside&#8221; list_style_color=&#8221;RGBA(255,255,255,0)&#8221; submenu_arrow_color=&#8221;#FFFFFF&#8221; submenu_arrow_background_color=&#8221;#E02B20&#8243; submenu_arrow_gap=&#8221;10px&#8221; submenu_arrow_font_size=&#8221;24px&#8221; disabled_on=&#8221;off|off|off&#8221; _builder_version=&#8221;4.27.4&#8243; _module_preset=&#8221;default&#8221; menu_font=&#8221;|700||on|||||&#8221; menu_font_size=&#8221;16px&#8221; sub_menu_font_size=&#8221;12px&#8221; background_enable_color=&#8221;off&#8221; custom_margin=&#8221;||||false|false&#8221; custom_padding=&#8221;5px||0px||false|false&#8221; border_color_bottom=&#8221;#FFFFFF&#8221; global_colors_info=&#8221;{}&#8221; sub_menu_text_color__hover_enabled=&#8221;on|hover&#8221; sub_menu_text_color__hover=&#8221;#000000&#8243;][\/dsm_menu][et_pb_divider _builder_version=&#8221;4.27.4&#8243; _module_preset=&#8221;default&#8221; width=&#8221;90%&#8221; custom_margin=&#8221;-18px|||||&#8221; custom_padding=&#8221;8px||0px||false|false&#8221; global_colors_info=&#8221;{}&#8221;][\/et_pb_divider][\/et_pb_column][et_pb_column type=&#8221;1_4&#8243; _builder_version=&#8221;4.27.4&#8243; _module_preset=&#8221;default&#8221; global_colors_info=&#8221;{}&#8221;][et_pb_text _builder_version=&#8221;4.27.4&#8243; _module_preset=&#8221;default&#8221; header_2_font=&#8221;|700||on|||||&#8221; header_2_text_color=&#8221;#E02B20&#8243; header_2_font_size=&#8221;40px&#8221; header_3_font_size=&#8221;16px&#8221; text_orientation=&#8221;right&#8221; custom_margin=&#8221;10px||||false|false&#8221; link_option_url_new_window=&#8221;on&#8221; text_orientation_tablet=&#8221;right&#8221; text_orientation_phone=&#8221;center&#8221; text_orientation_last_edited=&#8221;on|phone&#8221; global_colors_info=&#8221;{}&#8221; header_2_text_color__hover_enabled=&#8221;off|desktop&#8221; header_2_text_color__hover=&#8221;#000000&#8243;]<\/p>\n<h2>Portf\u00f3lio<\/h2>\n<h3>Tratamento de verniz<\/h3>\n<p>[\/et_pb_text][et_pb_divider _builder_version=&#8221;4.27.4&#8243; _module_preset=&#8221;default&#8221; width=&#8221;90%&#8221; module_alignment=&#8221;right&#8221; custom_padding=&#8221;8px||0px||false|false&#8221; global_colors_info=&#8221;{}&#8221;][\/et_pb_divider][et_pb_text _builder_version=&#8221;4.27.4&#8243; _module_preset=&#8221;default&#8221; text_font=&#8221;|700|||||||&#8221; text_orientation=&#8221;right&#8221; custom_margin=&#8221;-14px|||||&#8221; global_colors_info=&#8221;{}&#8221;]<\/p>\n<p>Baixe o PDF<\/p>\n<p>[\/et_pb_text][dsm_menu menu_id=&#8221;7&#8243; submenu_collapse=&#8221;on&#8221; menu_link_text_color=&#8221;#E02B20&#8243; active_link_color=&#8221;#E02B20&#8243; menu_link_text_active_color=&#8221;#E02B20&#8243; menu_link_text_visited_color=&#8221;#E02B20&#8243; menu_left_space=&#8221;1px&#8221; list_style_position=&#8221;outside&#8221; list_style_color=&#8221;RGBA(255,255,255,0)&#8221; submenu_arrow_color=&#8221;#FFFFFF&#8221; submenu_arrow_background_color=&#8221;#E02B20&#8243; submenu_arrow_gap=&#8221;10px&#8221; submenu_arrow_font_size=&#8221;24px&#8221; disabled_on=&#8221;off|off|off&#8221; _builder_version=&#8221;4.27.4&#8243; _module_preset=&#8221;default&#8221; menu_font=&#8221;|700||on|||||&#8221; menu_font_size=&#8221;16px&#8221; sub_menu_font_size=&#8221;12px&#8221; background_enable_color=&#8221;off&#8221; custom_margin=&#8221;|||48px|false|false&#8221; custom_padding=&#8221;5px||0px||false|false&#8221; hover_enabled=&#8221;0&#8243; border_color_bottom=&#8221;#FFFFFF&#8221; global_colors_info=&#8221;{}&#8221; sub_menu_text_color__hover_enabled=&#8221;on|hover&#8221; sub_menu_text_color__hover=&#8221;#000000&#8243; sticky_enabled=&#8221;0&#8243;][\/dsm_menu][et_pb_divider _builder_version=&#8221;4.27.4&#8243; _module_preset=&#8221;default&#8221; width=&#8221;90%&#8221; module_alignment=&#8221;right&#8221; custom_margin=&#8221;-18px|||||&#8221; custom_padding=&#8221;8px||0px||false|false&#8221; global_colors_info=&#8221;{}&#8221;][\/et_pb_divider][\/et_pb_column][et_pb_column type=&#8221;1_4&#8243; _builder_version=&#8221;4.27.4&#8243; _module_preset=&#8221;default&#8221; global_colors_info=&#8221;{}&#8221;][et_pb_image src=&#8221;https:\/\/www.hservicebrasil.com.br\/wp-content\/uploads\/2025\/11\/capa-porfolio-verniz.jpg&#8221; title_text=&#8221;capa-porfolio-verniz&#8221; url_new_window=&#8221;on&#8221; align=&#8221;center&#8221; _builder_version=&#8221;4.27.4&#8243; _module_preset=&#8221;default&#8221; width=&#8221;50%&#8221; width_tablet=&#8221;50%&#8221; width_phone=&#8221;30%&#8221; width_last_edited=&#8221;on|phone&#8221; custom_margin=&#8221;-60px||||false|false&#8221; border_radii=&#8221;on|5px|5px|5px|5px&#8221; border_width_all=&#8221;4px&#8221; border_color_all=&#8221;#FFFFFF&#8221; global_colors_info=&#8221;{}&#8221;][\/et_pb_image][\/et_pb_column][\/et_pb_row][\/et_pb_section]<\/p>\n","protected":false},"excerpt":{"rendered":"<p>Portf\u00f3lio Preserva\u00e7\u00e3o de ativos com VCIBaixe o PDF<div class=\"et_pb_with_border et_pb_module dsm_menu dsm_menu_0  et_pb_text_align_left et_pb_bg_layout_light\">\n\t\t\t\t\n\t\t\t\t\n\t\t\t\t\n\t\t\t\t\n\t\t\t\t\n\t\t\t\t\n\t\t\t\t<div class=\"et_pb_module_inner\">\n\t\t\t\t\t<nav class=\"dsm-menu-container\" role=navigation itemscope itemtype=http:\/\/schema.org\/SiteNavigationElement><ul id=\"menu-menu-portfolio-vci\" class=\"dsm-menu dsm-menu-style-type-disc dsm-menu-layout-vertical dsm-menu-submenu-collapse\"><li id=\"menu-item-790\" class=\"et_pb_menu_page_id-790 menu-item menu-item-type-custom menu-item-object-custom menu-item-has-children menu-item-790\"><a href=\"#\" itemprop=\"url\"><span itemprop=\"name\">Selecione um estado<\/span><span class=\"et-pb-icon\">3<\/span><\/a>\n<ul class=\"sub-menu\">\n\t<li id=\"menu-item-793\" class=\"et_pb_menu_page_id-793 menu-item menu-item-type-custom menu-item-object-custom menu-item-793\"><a target=\"_blank\" href=\"https:\/\/www.hservicebrasil.com.br\/wp-content\/uploads\/2026\/01\/apresentacao-verniz-h-service-es.pdf\" itemprop=\"url\"><span itemprop=\"name\">Espirito Santo<\/span><\/a><\/li>\n\t<li id=\"menu-item-794\" class=\"et_pb_menu_page_id-794 menu-item menu-item-type-custom menu-item-object-custom menu-item-794\"><a target=\"_blank\" href=\"https:\/\/www.hservicebrasil.com.br\/wp-content\/uploads\/2026\/01\/apresentacao-verniz-h-service-es.pdf\" itemprop=\"url\"><span itemprop=\"name\">Extremo Sul da Bahia<\/span><\/a><\/li>\n\t<li id=\"menu-item-791\" class=\"et_pb_menu_page_id-791 menu-item menu-item-type-custom menu-item-object-custom menu-item-791\"><a target=\"_blank\" href=\"https:\/\/www.hservicebrasil.com.br\/wp-content\/uploads\/2025\/11\/Portfolio-VCI-HService-Brasil-Zap.pdf\" itemprop=\"url\"><span itemprop=\"name\">Bahia<\/span><\/a><\/li>\n\t<li id=\"menu-item-792\" class=\"et_pb_menu_page_id-792 menu-item menu-item-type-custom menu-item-object-custom menu-item-792\"><a target=\"_blank\" href=\"https:\/\/www.hservicebrasil.com.br\/wp-content\/uploads\/2025\/11\/Portfolio-VCI-HService-Brasil-Zap.pdf\" itemprop=\"url\"><span itemprop=\"name\">Sergipe<\/span><\/a><\/li>\n\t<li id=\"menu-item-795\" class=\"et_pb_menu_page_id-795 menu-item menu-item-type-custom menu-item-object-custom menu-item-795\"><a target=\"_blank\" href=\"https:\/\/www.hservicebrasil.com.br\/wp-content\/uploads\/2026\/01\/portfolio-vci-h-service-pe.pdf\" itemprop=\"url\"><span itemprop=\"name\">Cear\u00e1<\/span><\/a><\/li>\n\t<li id=\"menu-item-796\" class=\"et_pb_menu_page_id-796 menu-item menu-item-type-custom menu-item-object-custom menu-item-796\"><a target=\"_blank\" href=\"https:\/\/www.hservicebrasil.com.br\/wp-content\/uploads\/2026\/01\/portfolio-vci-h-service-pe.pdf\" itemprop=\"url\"><span itemprop=\"name\">Rio Grande do Norte<\/span><\/a><\/li>\n\t<li id=\"menu-item-797\" class=\"et_pb_menu_page_id-797 menu-item menu-item-type-custom menu-item-object-custom menu-item-797\"><a target=\"_blank\" href=\"https:\/\/www.hservicebrasil.com.br\/wp-content\/uploads\/2026\/01\/portfolio-vci-h-service-pe.pdf\" itemprop=\"url\"><span itemprop=\"name\">Para\u00edba<\/span><\/a><\/li>\n\t<li id=\"menu-item-798\" class=\"et_pb_menu_page_id-798 menu-item menu-item-type-custom menu-item-object-custom menu-item-798\"><a target=\"_blank\" href=\"https:\/\/www.hservicebrasil.com.br\/wp-content\/uploads\/2026\/01\/portfolio-vci-h-service-pe.pdf\" itemprop=\"url\"><span itemprop=\"name\">Pernambuco<\/span><\/a><\/li>\n\t<li id=\"menu-item-799\" class=\"et_pb_menu_page_id-799 menu-item menu-item-type-custom menu-item-object-custom menu-item-799\"><a target=\"_blank\" href=\"https:\/\/www.hservicebrasil.com.br\/wp-content\/uploads\/2026\/01\/portfolio-vci-h-service-pe.pdf\" itemprop=\"url\"><span itemprop=\"name\">Alagoas<\/span><\/a><\/li>\n\t<li id=\"menu-item-800\" class=\"et_pb_menu_page_id-800 menu-item menu-item-type-custom menu-item-object-custom menu-item-800\"><a target=\"_blank\" href=\"https:\/\/www.hservicebrasil.com.br\/wp-content\/uploads\/2025\/11\/Portfolio-VCI-HService-Brasil-Zap.pdf\" itemprop=\"url\"><span itemprop=\"name\">Demais estados<\/span><\/a><\/li>\n<\/ul>\n<\/li>\n<\/ul><\/nav>\n\t\t\t\t<\/div>\n\t\t\t<\/div>Portf\u00f3lio Tratamento de vernizBaixe o PDF<div class=\"et_pb_with_border et_pb_module dsm_menu dsm_menu_1  et_pb_text_align_left et_pb_bg_layout_light\">\n\t\t\t\t\n\t\t\t\t\n\t\t\t\t\n\t\t\t\t\n\t\t\t\t\n\t\t\t\t\n\t\t\t\t<div class=\"et_pb_module_inner\">\n\t\t\t\t\t<nav class=\"dsm-menu-container\" role=navigation itemscope itemtype=http:\/\/schema.org\/SiteNavigationElement><ul id=\"menu-menu-portfolio-verniz\" class=\"dsm-menu dsm-menu-style-type-disc dsm-menu-layout-vertical dsm-menu-submenu-collapse\"><li id=\"menu-item-837\" class=\"et_pb_menu_page_id-837 menu-item menu-item-type-custom menu-item-object-custom menu-item-has-children menu-item-837\"><a href=\"#\" itemprop=\"url\"><span itemprop=\"name\">Seleciona um estado<\/span><span class=\"et-pb-icon\">3<\/span><\/a>\n<ul class=\"sub-menu\">\n\t<li id=\"menu-item-827\" class=\"et_pb_menu_page_id-827 menu-item menu-item-type-custom menu-item-object-custom menu-item-827\"><a target=\"_blank\" href=\"https:\/\/www.hservicebrasil.com.br\/wp-content\/uploads\/2026\/01\/apresentacao-verniz-h-service-es.pdf\" itemprop=\"url\"><span itemprop=\"name\">Esp\u00edrito Santo<\/span><\/a><\/li>\n\t<li id=\"menu-item-828\" class=\"et_pb_menu_page_id-828 menu-item menu-item-type-custom menu-item-object-custom menu-item-828\"><a target=\"_blank\" href=\"https:\/\/www.hservicebrasil.com.br\/wp-content\/uploads\/2026\/01\/apresentacao-verniz-h-service-es.pdf\" itemprop=\"url\"><span itemprop=\"name\">Extremo Sul da Bahia<\/span><\/a><\/li>\n\t<li id=\"menu-item-829\" class=\"et_pb_menu_page_id-829 menu-item menu-item-type-custom menu-item-object-custom menu-item-829\"><a target=\"_blank\" href=\"https:\/\/www.hservicebrasil.com.br\/wp-content\/uploads\/2025\/11\/Apresentacao-Verniz-H-Service-Brasil-Zap.pdf\" itemprop=\"url\"><span itemprop=\"name\">Bahia<\/span><\/a><\/li>\n\t<li id=\"menu-item-830\" class=\"et_pb_menu_page_id-830 menu-item menu-item-type-custom menu-item-object-custom menu-item-830\"><a target=\"_blank\" href=\"https:\/\/www.hservicebrasil.com.br\/wp-content\/uploads\/2025\/11\/Apresentacao-Verniz-H-Service-Brasil-Zap.pdf\" itemprop=\"url\"><span itemprop=\"name\">Sergipe<\/span><\/a><\/li>\n\t<li id=\"menu-item-832\" class=\"et_pb_menu_page_id-832 menu-item menu-item-type-custom menu-item-object-custom menu-item-832\"><a target=\"_blank\" href=\"https:\/\/www.hservicebrasil.com.br\/wp-content\/uploads\/2026\/01\/portfolio-verniz-h-service-pe.pdf\" itemprop=\"url\"><span itemprop=\"name\">Cear\u00e1<\/span><\/a><\/li>\n\t<li id=\"menu-item-833\" class=\"et_pb_menu_page_id-833 menu-item menu-item-type-custom menu-item-object-custom menu-item-833\"><a target=\"_blank\" href=\"https:\/\/www.hservicebrasil.com.br\/wp-content\/uploads\/2026\/01\/portfolio-verniz-h-service-pe.pdf\" itemprop=\"url\"><span itemprop=\"name\">Rio Grande do Norte<\/span><\/a><\/li>\n\t<li id=\"menu-item-834\" class=\"et_pb_menu_page_id-834 menu-item menu-item-type-custom menu-item-object-custom menu-item-834\"><a target=\"_blank\" href=\"https:\/\/www.hservicebrasil.com.br\/wp-content\/uploads\/2026\/01\/portfolio-verniz-h-service-pe.pdf\" itemprop=\"url\"><span itemprop=\"name\">Para\u00edba<\/span><\/a><\/li>\n\t<li id=\"menu-item-835\" class=\"et_pb_menu_page_id-835 menu-item menu-item-type-custom menu-item-object-custom menu-item-835\"><a target=\"_blank\" href=\"https:\/\/www.hservicebrasil.com.br\/wp-content\/uploads\/2026\/01\/portfolio-verniz-h-service-pe.pdf\" itemprop=\"url\"><span itemprop=\"name\">Pernambuco<\/span><\/a><\/li>\n\t<li id=\"menu-item-836\" class=\"et_pb_menu_page_id-836 menu-item menu-item-type-custom menu-item-object-custom menu-item-836\"><a target=\"_blank\" href=\"https:\/\/www.hservicebrasil.com.br\/wp-content\/uploads\/2026\/01\/portfolio-verniz-h-service-pe.pdf\" itemprop=\"url\"><span itemprop=\"name\">Alagoas<\/span><\/a><\/li>\n\t<li id=\"menu-item-831\" class=\"et_pb_menu_page_id-831 menu-item menu-item-type-custom menu-item-object-custom menu-item-831\"><a target=\"_blank\" href=\"https:\/\/www.hservicebrasil.com.br\/wp-content\/uploads\/2025\/11\/Apresentacao-Verniz-H-Service-Brasil-Zap.pdf\" itemprop=\"url\"><span itemprop=\"name\">Demais Estados<\/span><\/a><\/li>\n<\/ul>\n<\/li>\n<\/ul><\/nav>\n\t\t\t\t<\/div>\n\t\t\t<\/div><\/p>\n","protected":false},"author":1,"featured_media":0,"parent":0,"menu_order":0,"comment_status":"closed","ping_status":"closed","template":"","meta":{"_et_pb_use_builder":"on","_et_pb_old_content":"<!-- wp:divi\/placeholder \/-->","_et_gb_content_width":"","footnotes":""},"class_list":["post-390","page","type-page","status-publish","hentry"],"_links":{"self":[{"href":"https:\/\/www.hservicebrasil.com.br\/index.php\/wp-json\/wp\/v2\/pages\/390","targetHints":{"allow":["GET"]}}],"collection":[{"href":"https:\/\/www.hservicebrasil.com.br\/index.php\/wp-json\/wp\/v2\/pages"}],"about":[{"href":"https:\/\/www.hservicebrasil.com.br\/index.php\/wp-json\/wp\/v2\/types\/page"}],"author":[{"embeddable":true,"href":"https:\/\/www.hservicebrasil.com.br\/index.php\/wp-json\/wp\/v2\/users\/1"}],"replies":[{"embeddable":true,"href":"https:\/\/www.hservicebrasil.com.br\/index.php\/wp-json\/wp\/v2\/comments?post=390"}],"version-history":[{"count":63,"href":"https:\/\/www.hservicebrasil.com.br\/index.php\/wp-json\/wp\/v2\/pages\/390\/revisions"}],"predecessor-version":[{"id":843,"href":"https:\/\/www.hservicebrasil.com.br\/index.php\/wp-json\/wp\/v2\/pages\/390\/revisions\/843"}],"wp:attachment":[{"href":"https:\/\/www.hservicebrasil.com.br\/index.php\/wp-json\/wp\/v2\/media?parent=390"}],"curies":[{"name":"wp","href":"https:\/\/api.w.org\/{rel}","templated":true}]}}