{"id":495,"date":"2025-08-24T12:53:07","date_gmt":"2025-08-24T15:53:07","guid":{"rendered":"https:\/\/www.hservicebrasil.com.br\/?page_id=495"},"modified":"2025-11-06T09:42:18","modified_gmt":"2025-11-06T12:42:18","slug":"preservacao-de-sobressalentes-equipamentos-e-maquinas","status":"publish","type":"page","link":"https:\/\/www.hservicebrasil.com.br\/index.php\/preservacao-de-sobressalentes-equipamentos-e-maquinas\/","title":{"rendered":"Preserva\u00e7\u00e3o de Sobressalentes, Equipamentos e M\u00e1quinas"},"content":{"rendered":"<p>[et_pb_section fb_built=&#8221;1&#8243; _builder_version=&#8221;4.21.0&#8243; _module_preset=&#8221;default&#8221; custom_padding=&#8221;10px||17px|||&#8221; global_colors_info=&#8221;{}&#8221; theme_builder_area=&#8221;post_content&#8221;][et_pb_row _builder_version=&#8221;4.27.4&#8243; _module_preset=&#8221;default&#8221; global_colors_info=&#8221;{}&#8221; theme_builder_area=&#8221;post_content&#8221;][et_pb_column type=&#8221;4_4&#8243; _builder_version=&#8221;4.21.0&#8243; _module_preset=&#8221;default&#8221; global_colors_info=&#8221;{}&#8221; theme_builder_area=&#8221;post_content&#8221;][et_pb_text _builder_version=&#8221;4.27.4&#8243; _module_preset=&#8221;default&#8221; header_2_font=&#8221;|700|||||||&#8221; text_orientation=&#8221;center&#8221; global_colors_info=&#8221;{}&#8221; theme_builder_area=&#8221;post_content&#8221;]<\/p>\n<h2>EMBALAGEM COM REVESTIMENTO DUPLO DE PL\u00c1STICOS<\/h2>\n<p>Ativos estocados em \u00e1reas cobertas (indoor) ou externas (outdoor) para uso futuro, ficam desprotegidos da a\u00e7\u00e3o da oxida\u00e7\u00e3o se n\u00e3o forem preservados. O processo de preserva\u00e7\u00e3o consiste em preparar a superf\u00edcie do equipamento, adicionar Difusores de VCI, Silicagel e revestir com uma primeira camada de pl\u00e1stico com VCI e uma segunda e \u00faltima camada de pl\u00e1stico Shrink para prote\u00e7\u00e3o mec\u00e2nica, umidade, solar e poeira.<\/p>\n<p>Este formato de preserva\u00e7\u00e3o tem garantia de at\u00e9 5 anos. Quando a pe\u00e7a for solicitada, basta retirar a embalagem e ela estar\u00e1 pronta para uso, sem a necessidade de remo\u00e7\u00e3o de protetivos e descarte de borras com solventes no meio ambiente.<\/p>\n<p>[\/et_pb_text][\/et_pb_column][\/et_pb_row][\/et_pb_section][et_pb_section fb_built=&#8221;1&#8243; _builder_version=&#8221;4.27.4&#8243; _module_preset=&#8221;default&#8221; background_color=&#8221;#eaeaea&#8221; custom_padding=&#8221;32px|||||&#8221; global_colors_info=&#8221;{}&#8221; theme_builder_area=&#8221;post_content&#8221;][et_pb_row _builder_version=&#8221;4.27.4&#8243; _module_preset=&#8221;default&#8221; global_colors_info=&#8221;{}&#8221; theme_builder_area=&#8221;post_content&#8221;][et_pb_column type=&#8221;4_4&#8243; _builder_version=&#8221;4.27.4&#8243; _module_preset=&#8221;default&#8221; global_colors_info=&#8221;{}&#8221; theme_builder_area=&#8221;post_content&#8221;][et_pb_text _builder_version=&#8221;4.27.4&#8243; _module_preset=&#8221;default&#8221; header_2_font=&#8221;|700|||||||&#8221; header_2_text_align=&#8221;center&#8221; header_2_text_color=&#8221;#E02B20&#8243; global_colors_info=&#8221;{}&#8221; theme_builder_area=&#8221;post_content&#8221;]<\/p>\n<h2>PRESERVA\u00c7\u00c3O DE SOBRESSALENTES<\/h2>\n<p>[\/et_pb_text][\/et_pb_column][\/et_pb_row][et_pb_row column_structure=&#8221;2_5,3_5&#8243; _builder_version=&#8221;4.27.4&#8243; _module_preset=&#8221;default&#8221; hover_enabled=&#8221;0&#8243; global_colors_info=&#8221;{}&#8221; theme_builder_area=&#8221;post_content&#8221; sticky_enabled=&#8221;0&#8243;][et_pb_column type=&#8221;2_5&#8243; _builder_version=&#8221;4.27.4&#8243; _module_preset=&#8221;default&#8221; global_colors_info=&#8221;{}&#8221; theme_builder_area=&#8221;post_content&#8221;][dsm_before_after_image before_src=&#8221;https:\/\/www.hservicebrasil.com.br\/wp-content\/uploads\/2025\/08\/antes02.jpg&#8221; before_title_text=&#8221;Sem prote\u00e7\u00e3o&#8221; after_src=&#8221;https:\/\/www.hservicebrasil.com.br\/wp-content\/uploads\/2025\/08\/depois02.jpg&#8221; after_title_text=&#8221;Com prote\u00e7\u00e3o&#8221; before_label_text=&#8221;Sem prote\u00e7\u00e3o&#8221; after_label_text=&#8221;Com prote\u00e7\u00e3o&#8221; move_slider_on_hover=&#8221;on&#8221; click_to_move=&#8221;on&#8221; before_label_background_color=&#8221;#E02B20&#8243; after_label_background_color=&#8221;#E02B20&#8243; handle_border_color=&#8221;#E02B20&#8243; handle_background_color=&#8221;#E02B20&#8243; _builder_version=&#8221;4.27.4&#8243; _module_preset=&#8221;default&#8221; before_label_text_color=&#8221;#FFFFFF&#8221; border_width_all=&#8221;3px&#8221; border_color_all=&#8221;#E02B20&#8243; global_colors_info=&#8221;{}&#8221; theme_builder_area=&#8221;post_content&#8221;][\/dsm_before_after_image][\/et_pb_column][et_pb_column type=&#8221;3_5&#8243; _builder_version=&#8221;4.27.4&#8243; _module_preset=&#8221;default&#8221; global_colors_info=&#8221;{}&#8221; theme_builder_area=&#8221;post_content&#8221;][dsm_before_after_image before_src=&#8221;https:\/\/www.hservicebrasil.com.br\/wp-content\/uploads\/2025\/08\/antes01.jpg&#8221; before_title_text=&#8221;Sem prote\u00e7\u00e3o&#8221; after_src=&#8221;https:\/\/www.hservicebrasil.com.br\/wp-content\/uploads\/2025\/08\/depois01.jpg&#8221; after_title_text=&#8221;Com prote\u00e7\u00e3o&#8221; before_label_text=&#8221;Sem prote\u00e7\u00e3o&#8221; after_label_text=&#8221;Com prote\u00e7\u00e3o&#8221; move_slider_on_hover=&#8221;on&#8221; move_with_handle_only=&#8221;off&#8221; click_to_move=&#8221;on&#8221; before_label_background_color=&#8221;#E02B20&#8243; after_label_background_color=&#8221;#E02B20&#8243; handle_border_color=&#8221;#E02B20&#8243; handle_background_color=&#8221;#E02B20&#8243; _builder_version=&#8221;4.27.4&#8243; _module_preset=&#8221;default&#8221; before_label_text_color=&#8221;#FFFFFF&#8221; border_width_all=&#8221;3px&#8221; border_color_all=&#8221;#E02B20&#8243; global_colors_info=&#8221;{}&#8221; theme_builder_area=&#8221;post_content&#8221;][\/dsm_before_after_image][\/et_pb_column][\/et_pb_row][\/et_pb_section][et_pb_section fb_built=&#8221;1&#8243; _builder_version=&#8221;4.21.0&#8243; _module_preset=&#8221;default&#8221; custom_padding=&#8221;23px|||||&#8221; global_colors_info=&#8221;{}&#8221; theme_builder_area=&#8221;post_content&#8221;][et_pb_row _builder_version=&#8221;4.27.4&#8243; _module_preset=&#8221;default&#8221; global_colors_info=&#8221;{}&#8221; theme_builder_area=&#8221;post_content&#8221;][et_pb_column type=&#8221;4_4&#8243; _builder_version=&#8221;4.27.4&#8243; _module_preset=&#8221;default&#8221; global_colors_info=&#8221;{}&#8221; theme_builder_area=&#8221;post_content&#8221;][et_pb_text _builder_version=&#8221;4.27.4&#8243; _module_preset=&#8221;default&#8221; header_2_font=&#8221;|700|||||||&#8221; header_2_text_align=&#8221;center&#8221; header_2_text_color=&#8221;#E02B20&#8243; global_colors_info=&#8221;{}&#8221; theme_builder_area=&#8221;post_content&#8221;]<\/p>\n<h2>PRESERVA\u00c7\u00c3O DE M\u00c1QUINAS<\/h2>\n<p>[\/et_pb_text][\/et_pb_column][\/et_pb_row][et_pb_row column_structure=&#8221;1_2,1_2&#8243; _builder_version=&#8221;4.27.4&#8243; _module_preset=&#8221;default&#8221; global_colors_info=&#8221;{}&#8221; theme_builder_area=&#8221;post_content&#8221;][et_pb_column type=&#8221;1_2&#8243; _builder_version=&#8221;4.27.4&#8243; _module_preset=&#8221;default&#8221; global_colors_info=&#8221;{}&#8221; theme_builder_area=&#8221;post_content&#8221;][dsm_before_after_image before_src=&#8221;https:\/\/www.hservicebrasil.com.br\/wp-content\/uploads\/2025\/08\/antes03.jpg&#8221; before_title_text=&#8221;Sem prote\u00e7\u00e3o&#8221; after_src=&#8221;https:\/\/www.hservicebrasil.com.br\/wp-content\/uploads\/2025\/08\/depois03.jpg&#8221; after_title_text=&#8221;Com prote\u00e7\u00e3o&#8221; before_label_text=&#8221;Sem prote\u00e7\u00e3o&#8221; after_label_text=&#8221;Com prote\u00e7\u00e3o&#8221; move_slider_on_hover=&#8221;on&#8221; click_to_move=&#8221;on&#8221; before_label_background_color=&#8221;#E02B20&#8243; after_label_background_color=&#8221;#E02B20&#8243; handle_border_color=&#8221;#E02B20&#8243; handle_background_color=&#8221;#E02B20&#8243; _builder_version=&#8221;4.27.4&#8243; _module_preset=&#8221;default&#8221; before_label_text_color=&#8221;#FFFFFF&#8221; border_width_all=&#8221;3px&#8221; border_color_all=&#8221;#E02B20&#8243; global_colors_info=&#8221;{}&#8221; theme_builder_area=&#8221;post_content&#8221;][\/dsm_before_after_image][\/et_pb_column][et_pb_column type=&#8221;1_2&#8243; _builder_version=&#8221;4.27.4&#8243; _module_preset=&#8221;default&#8221; global_colors_info=&#8221;{}&#8221; theme_builder_area=&#8221;post_content&#8221;][dsm_before_after_image before_src=&#8221;https:\/\/www.hservicebrasil.com.br\/wp-content\/uploads\/2025\/11\/antes04.jpg&#8221; before_title_text=&#8221;Sem prote\u00e7\u00e3o&#8221; after_src=&#8221;https:\/\/www.hservicebrasil.com.br\/wp-content\/uploads\/2025\/11\/depois04.jpg&#8221; after_title_text=&#8221;Com prote\u00e7\u00e3o&#8221; before_label_text=&#8221;Sem prote\u00e7\u00e3o&#8221; after_label_text=&#8221;Com prote\u00e7\u00e3o&#8221; move_slider_on_hover=&#8221;on&#8221; click_to_move=&#8221;on&#8221; before_label_background_color=&#8221;#E02B20&#8243; after_label_background_color=&#8221;#E02B20&#8243; handle_border_color=&#8221;#E02B20&#8243; handle_background_color=&#8221;#E02B20&#8243; _builder_version=&#8221;4.27.4&#8243; _module_preset=&#8221;default&#8221; before_label_text_color=&#8221;#FFFFFF&#8221; hover_enabled=&#8221;0&#8243; border_width_all=&#8221;3px&#8221; border_color_all=&#8221;#E02B20&#8243; global_colors_info=&#8221;{}&#8221; theme_builder_area=&#8221;post_content&#8221; title_text=&#8221;depois04&#8243; sticky_enabled=&#8221;0&#8243;][\/dsm_before_after_image][\/et_pb_column][\/et_pb_row][\/et_pb_section][et_pb_section fb_built=&#8221;1&#8243; _builder_version=&#8221;4.27.4&#8243; _module_preset=&#8221;default&#8221; background_color=&#8221;#eaeaea&#8221; custom_padding=&#8221;18px|||||&#8221; global_colors_info=&#8221;{}&#8221; theme_builder_area=&#8221;post_content&#8221;][et_pb_row _builder_version=&#8221;4.27.4&#8243; _module_preset=&#8221;default&#8221; global_colors_info=&#8221;{}&#8221; theme_builder_area=&#8221;post_content&#8221;][et_pb_column type=&#8221;4_4&#8243; _builder_version=&#8221;4.27.4&#8243; _module_preset=&#8221;default&#8221; global_colors_info=&#8221;{}&#8221; theme_builder_area=&#8221;post_content&#8221;][et_pb_text _builder_version=&#8221;4.27.4&#8243; _module_preset=&#8221;default&#8221; header_2_font=&#8221;|700|||||||&#8221; header_2_text_align=&#8221;center&#8221; header_2_text_color=&#8221;#E02B20&#8243; global_colors_info=&#8221;{}&#8221; theme_builder_area=&#8221;post_content&#8221;]<\/p>\n<h2>PRESERVA\u00c7\u00c3O DE EQUIPAMENTOS<\/h2>\n<p>[\/et_pb_text][\/et_pb_column][\/et_pb_row][et_pb_row column_structure=&#8221;2_3,1_3&#8243; _builder_version=&#8221;4.27.4&#8243; _module_preset=&#8221;default&#8221; hover_enabled=&#8221;0&#8243; global_colors_info=&#8221;{}&#8221; theme_builder_area=&#8221;post_content&#8221; sticky_enabled=&#8221;0&#8243;][et_pb_column type=&#8221;2_3&#8243; _builder_version=&#8221;4.27.4&#8243; _module_preset=&#8221;default&#8221; global_colors_info=&#8221;{}&#8221; theme_builder_area=&#8221;post_content&#8221;][dsm_before_after_image before_src=&#8221;https:\/\/www.hservicebrasil.com.br\/wp-content\/uploads\/2025\/08\/antes05.jpg&#8221; before_title_text=&#8221;Sem prote\u00e7\u00e3o&#8221; after_src=&#8221;https:\/\/www.hservicebrasil.com.br\/wp-content\/uploads\/2025\/08\/depois05.jpg&#8221; after_title_text=&#8221;Com prote\u00e7\u00e3o&#8221; before_label_text=&#8221;Sem prote\u00e7\u00e3o&#8221; after_label_text=&#8221;Com prote\u00e7\u00e3o&#8221; move_slider_on_hover=&#8221;on&#8221; click_to_move=&#8221;on&#8221; before_label_background_color=&#8221;#E02B20&#8243; after_label_background_color=&#8221;#E02B20&#8243; handle_border_color=&#8221;#E02B20&#8243; handle_background_color=&#8221;#E02B20&#8243; _builder_version=&#8221;4.27.4&#8243; _module_preset=&#8221;default&#8221; before_label_text_color=&#8221;#FFFFFF&#8221; border_width_all=&#8221;3px&#8221; border_color_all=&#8221;#E02B20&#8243; global_colors_info=&#8221;{}&#8221; theme_builder_area=&#8221;post_content&#8221;][\/dsm_before_after_image][\/et_pb_column][et_pb_column type=&#8221;1_3&#8243; _builder_version=&#8221;4.27.4&#8243; _module_preset=&#8221;default&#8221; global_colors_info=&#8221;{}&#8221; theme_builder_area=&#8221;post_content&#8221;][dsm_before_after_image before_src=&#8221;https:\/\/www.hservicebrasil.com.br\/wp-content\/uploads\/2025\/11\/antes08.jpg&#8221; before_title_text=&#8221;Sem prote\u00e7\u00e3o&#8221; after_src=&#8221;https:\/\/www.hservicebrasil.com.br\/wp-content\/uploads\/2025\/11\/depois08.jpg&#8221; after_title_text=&#8221;Com prote\u00e7\u00e3o&#8221; before_label_text=&#8221;Sem prote\u00e7\u00e3o&#8221; after_label_text=&#8221;Com prote\u00e7\u00e3o&#8221; move_slider_on_hover=&#8221;on&#8221; click_to_move=&#8221;on&#8221; before_label_background_color=&#8221;#E02B20&#8243; after_label_background_color=&#8221;#E02B20&#8243; handle_border_color=&#8221;#E02B20&#8243; handle_background_color=&#8221;#E02B20&#8243; _builder_version=&#8221;4.27.4&#8243; _module_preset=&#8221;default&#8221; before_label_text_color=&#8221;#FFFFFF&#8221; hover_enabled=&#8221;0&#8243; border_width_all=&#8221;3px&#8221; border_color_all=&#8221;#E02B20&#8243; global_colors_info=&#8221;{}&#8221; theme_builder_area=&#8221;post_content&#8221; title_text=&#8221;depois08&#8243; sticky_enabled=&#8221;0&#8243;][\/dsm_before_after_image][\/et_pb_column][\/et_pb_row][\/et_pb_section][et_pb_section fb_built=&#8221;1&#8243; _builder_version=&#8221;4.21.0&#8243; _module_preset=&#8221;default&#8221; custom_padding=&#8221;18px|||||&#8221; global_colors_info=&#8221;{}&#8221; theme_builder_area=&#8221;post_content&#8221;][et_pb_row _builder_version=&#8221;4.27.4&#8243; _module_preset=&#8221;default&#8221; global_colors_info=&#8221;{}&#8221; theme_builder_area=&#8221;post_content&#8221;][et_pb_column type=&#8221;4_4&#8243; _builder_version=&#8221;4.27.4&#8243; _module_preset=&#8221;default&#8221; global_colors_info=&#8221;{}&#8221; theme_builder_area=&#8221;post_content&#8221;][et_pb_text _builder_version=&#8221;4.27.4&#8243; _module_preset=&#8221;default&#8221; header_2_font=&#8221;|700|||||||&#8221; header_2_text_align=&#8221;center&#8221; header_2_text_color=&#8221;#E02B20&#8243; global_colors_info=&#8221;{}&#8221; theme_builder_area=&#8221;post_content&#8221;]<\/p>\n<h2>PRESERVA\u00c7\u00c3O DE CALDEIRARIAS<\/h2>\n<p>[\/et_pb_text][\/et_pb_column][\/et_pb_row][et_pb_row column_structure=&#8221;1_2,1_2&#8243; _builder_version=&#8221;4.27.4&#8243; _module_preset=&#8221;default&#8221; global_colors_info=&#8221;{}&#8221; theme_builder_area=&#8221;post_content&#8221;][et_pb_column type=&#8221;1_2&#8243; _builder_version=&#8221;4.27.4&#8243; _module_preset=&#8221;default&#8221; global_colors_info=&#8221;{}&#8221; theme_builder_area=&#8221;post_content&#8221;][dsm_before_after_image before_src=&#8221;https:\/\/www.hservicebrasil.com.br\/wp-content\/uploads\/2025\/08\/antes06.jpg&#8221; before_title_text=&#8221;Sem prote\u00e7\u00e3o&#8221; after_src=&#8221;https:\/\/www.hservicebrasil.com.br\/wp-content\/uploads\/2025\/08\/depois06.jpg&#8221; after_title_text=&#8221;Com prote\u00e7\u00e3o&#8221; before_label_text=&#8221;Sem prote\u00e7\u00e3o&#8221; after_label_text=&#8221;Com prote\u00e7\u00e3o&#8221; move_slider_on_hover=&#8221;on&#8221; click_to_move=&#8221;on&#8221; before_label_background_color=&#8221;#E02B20&#8243; after_label_background_color=&#8221;#E02B20&#8243; handle_border_color=&#8221;#E02B20&#8243; handle_background_color=&#8221;#E02B20&#8243; _builder_version=&#8221;4.27.4&#8243; _module_preset=&#8221;default&#8221; before_label_text_color=&#8221;#FFFFFF&#8221; border_width_all=&#8221;3px&#8221; border_color_all=&#8221;#E02B20&#8243; global_colors_info=&#8221;{}&#8221; theme_builder_area=&#8221;post_content&#8221;][\/dsm_before_after_image][\/et_pb_column][et_pb_column type=&#8221;1_2&#8243; _builder_version=&#8221;4.27.4&#8243; _module_preset=&#8221;default&#8221; global_colors_info=&#8221;{}&#8221; theme_builder_area=&#8221;post_content&#8221;][dsm_before_after_image before_src=&#8221;https:\/\/www.hservicebrasil.com.br\/wp-content\/uploads\/2025\/11\/antes09.jpg&#8221; before_title_text=&#8221;Sem prote\u00e7\u00e3o&#8221; after_src=&#8221;https:\/\/www.hservicebrasil.com.br\/wp-content\/uploads\/2025\/11\/depois09.jpg&#8221; after_title_text=&#8221;Com prote\u00e7\u00e3o&#8221; before_label_text=&#8221;Sem prote\u00e7\u00e3o&#8221; after_label_text=&#8221;Com prote\u00e7\u00e3o&#8221; move_slider_on_hover=&#8221;on&#8221; click_to_move=&#8221;on&#8221; before_label_background_color=&#8221;#E02B20&#8243; after_label_background_color=&#8221;#E02B20&#8243; handle_border_color=&#8221;#E02B20&#8243; handle_background_color=&#8221;#E02B20&#8243; _builder_version=&#8221;4.27.4&#8243; _module_preset=&#8221;default&#8221; before_label_text_color=&#8221;#FFFFFF&#8221; hover_enabled=&#8221;0&#8243; border_width_all=&#8221;3px&#8221; border_color_all=&#8221;#E02B20&#8243; global_colors_info=&#8221;{}&#8221; theme_builder_area=&#8221;post_content&#8221; title_text=&#8221;depois09&#8243; sticky_enabled=&#8221;0&#8243;][\/dsm_before_after_image][\/et_pb_column][\/et_pb_row][\/et_pb_section]<\/p>\n","protected":false},"excerpt":{"rendered":"<p>EMBALAGEM COM REVESTIMENTO DUPLO DE PL\u00c1STICOS Ativos estocados em \u00e1reas cobertas (indoor) ou externas (outdoor) para uso futuro, ficam desprotegidos da a\u00e7\u00e3o da oxida\u00e7\u00e3o se n\u00e3o forem preservados. O processo de preserva\u00e7\u00e3o consiste em preparar a superf\u00edcie do equipamento, adicionar Difusores de VCI, Silicagel e revestir com uma primeira camada de pl\u00e1stico com VCI e uma segunda e \u00faltima camada de pl\u00e1stico Shrink para prote\u00e7\u00e3o mec\u00e2nica, umidade, solar e poeira. Este formato de preserva\u00e7\u00e3o tem garantia de at\u00e9 5 anos. Quando a pe\u00e7a for solicitada, basta retirar a embalagem e ela estar\u00e1 pronta para uso, sem a necessidade de remo\u00e7\u00e3o de protetivos e descarte de borras com solventes no meio ambiente.PRESERVA\u00c7\u00c3O DE SOBRESSALENTES<div class=\"et_pb_with_border et_pb_module dsm_before_after_image dsm_before_after_image_0\">\n\t\t\t\t\n\t\t\t\t\n\t\t\t\t\n\t\t\t\t\n\t\t\t\t\n\t\t\t\t\n\t\t\t\t<div class=\"et_pb_module_inner\">\n\t\t\t\t\t<div class=\"dsm_before_after_image_wrapper\" data-params=[{\"offset\":\"0.5\",\"orientation\":\"horizontal\",\"overlay\":false,\"hover\":true,\"handle\":true,\"click\":true}]>\n\t\t\t\t\n\t\t\t\t\n\t\t\t\t<img decoding=\"async\" src=\"https:\/\/www.hservicebrasil.com.br\/wp-content\/uploads\/2025\/08\/antes02.jpg\" alt=\"\" title=\"Sem prote\u00e7\u00e3o\" srcset=\"https:\/\/www.hservicebrasil.com.br\/wp-content\/uploads\/2025\/08\/antes02.jpg 600w, https:\/\/www.hservicebrasil.com.br\/wp-content\/uploads\/2025\/08\/antes02-480x362.jpg 480w\" sizes=\"(min-width: 0px) and (max-width: 480px) 480px, (min-width: 481px) 600px, 100vw\" class=\"skip-lazy\" \/><img decoding=\"async\" src=\"https:\/\/www.hservicebrasil.com.br\/wp-content\/uploads\/2025\/08\/depois02.jpg\" alt=\"\" title=\"Com prote\u00e7\u00e3o\" srcset=\"https:\/\/www.hservicebrasil.com.br\/wp-content\/uploads\/2025\/08\/depois02.jpg 600w, https:\/\/www.hservicebrasil.com.br\/wp-content\/uploads\/2025\/08\/depois02-480x362.jpg 480w\" sizes=\"(min-width: 0px) and (max-width: 480px) 480px, (min-width: 481px) 600px, 100vw\" class=\"skip-lazy\" \/>\n\t\t\t<\/div>\n\t\t\t\t<\/div>\n\t\t\t<\/div><div class=\"et_pb_with_border et_pb_module dsm_before_after_image dsm_before_after_image_1\">\n\t\t\t\t\n\t\t\t\t\n\t\t\t\t\n\t\t\t\t\n\t\t\t\t\n\t\t\t\t\n\t\t\t\t<div class=\"et_pb_module_inner\">\n\t\t\t\t\t<div class=\"dsm_before_after_image_wrapper\" data-params=[{\"offset\":\"0.5\",\"orientation\":\"horizontal\",\"overlay\":false,\"hover\":true,\"handle\":false,\"click\":true}]>\n\t\t\t\t\n\t\t\t\t\n\t\t\t\t<img decoding=\"async\" src=\"https:\/\/www.hservicebrasil.com.br\/wp-content\/uploads\/2025\/08\/antes01.jpg\" alt=\"\" title=\"Sem prote\u00e7\u00e3o\" srcset=\"https:\/\/www.hservicebrasil.com.br\/wp-content\/uploads\/2025\/08\/antes01.jpg 600w, https:\/\/www.hservicebrasil.com.br\/wp-content\/uploads\/2025\/08\/antes01-480x266.jpg 480w\" sizes=\"(min-width: 0px) and (max-width: 480px) 480px, (min-width: 481px) 600px, 100vw\" class=\"skip-lazy\" \/><img decoding=\"async\" src=\"https:\/\/www.hservicebrasil.com.br\/wp-content\/uploads\/2025\/08\/depois01.jpg\" alt=\"\" title=\"Com prote\u00e7\u00e3o\" srcset=\"https:\/\/www.hservicebrasil.com.br\/wp-content\/uploads\/2025\/08\/depois01.jpg 600w, https:\/\/www.hservicebrasil.com.br\/wp-content\/uploads\/2025\/08\/depois01-480x266.jpg 480w\" sizes=\"(min-width: 0px) and (max-width: 480px) 480px, (min-width: 481px) 600px, 100vw\" class=\"skip-lazy\" \/>\n\t\t\t<\/div>\n\t\t\t\t<\/div>\n\t\t\t<\/div>PRESERVA\u00c7\u00c3O DE M\u00c1QUINAS<div class=\"et_pb_with_border et_pb_module dsm_before_after_image dsm_before_after_image_2\">\n\t\t\t\t\n\t\t\t\t\n\t\t\t\t\n\t\t\t\t\n\t\t\t\t\n\t\t\t\t\n\t\t\t\t<div class=\"et_pb_module_inner\">\n\t\t\t\t\t<div class=\"dsm_before_after_image_wrapper\" data-params=[{\"offset\":\"0.5\",\"orientation\":\"horizontal\",\"overlay\":false,\"hover\":true,\"handle\":true,\"click\":true}]>\n\t\t\t\t\n\t\t\t\t\n\t\t\t\t<img decoding=\"async\" src=\"https:\/\/www.hservicebrasil.com.br\/wp-content\/uploads\/2025\/08\/antes03.jpg\" alt=\"\" title=\"Sem prote\u00e7\u00e3o\" srcset=\"https:\/\/www.hservicebrasil.com.br\/wp-content\/uploads\/2025\/08\/antes03.jpg 600w, https:\/\/www.hservicebrasil.com.br\/wp-content\/uploads\/2025\/08\/antes03-480x314.jpg 480w\" sizes=\"(min-width: 0px) and (max-width: 480px) 480px, (min-width: 481px) 600px, 100vw\" class=\"skip-lazy\" \/><img decoding=\"async\" src=\"https:\/\/www.hservicebrasil.com.br\/wp-content\/uploads\/2025\/08\/depois03.jpg\" alt=\"\" title=\"Com prote\u00e7\u00e3o\" srcset=\"https:\/\/www.hservicebrasil.com.br\/wp-content\/uploads\/2025\/08\/depois03.jpg 600w, https:\/\/www.hservicebrasil.com.br\/wp-content\/uploads\/2025\/08\/depois03-480x314.jpg 480w\" sizes=\"(min-width: 0px) and (max-width: 480px) 480px, (min-width: 481px) 600px, 100vw\" class=\"skip-lazy\" \/>\n\t\t\t<\/div>\n\t\t\t\t<\/div>\n\t\t\t<\/div><div class=\"et_pb_module dsm_before_after_image dsm_before_after_image_3\">\n\t\t\t\t\n\t\t\t\t\n\t\t\t\t\n\t\t\t\t\n\t\t\t\t\n\t\t\t\t\n\t\t\t\t<div class=\"et_pb_module_inner\">\n\t\t\t\t\t<div class=\"dsm_before_after_image_wrapper\" data-params=[{\"offset\":\"0.5\",\"orientation\":\"horizontal\",\"overlay\":false,\"hover\":true,\"handle\":true,\"click\":true}]>\n\t\t\t\t\n\t\t\t\t\n\t\t\t\t<img decoding=\"async\" src=\"\" alt=\"\" title=\"&#8221;Sem\" class=\"skip-lazy et_multi_view_hidden_image\" \/><img decoding=\"async\" src=\"\" alt=\"\" title=\"&#8221;Com\" class=\"skip-lazy et_multi_view_hidden_image\" \/>\n\t\t\t<\/div>\n\t\t\t\t<\/div>\n\t\t\t<\/div><\/p>\n","protected":false},"author":1,"featured_media":0,"parent":0,"menu_order":0,"comment_status":"closed","ping_status":"closed","template":"","meta":{"_et_pb_use_builder":"on","_et_pb_old_content":"","_et_gb_content_width":"","footnotes":""},"class_list":["post-495","page","type-page","status-publish","hentry"],"_links":{"self":[{"href":"https:\/\/www.hservicebrasil.com.br\/index.php\/wp-json\/wp\/v2\/pages\/495","targetHints":{"allow":["GET"]}}],"collection":[{"href":"https:\/\/www.hservicebrasil.com.br\/index.php\/wp-json\/wp\/v2\/pages"}],"about":[{"href":"https:\/\/www.hservicebrasil.com.br\/index.php\/wp-json\/wp\/v2\/types\/page"}],"author":[{"embeddable":true,"href":"https:\/\/www.hservicebrasil.com.br\/index.php\/wp-json\/wp\/v2\/users\/1"}],"replies":[{"embeddable":true,"href":"https:\/\/www.hservicebrasil.com.br\/index.php\/wp-json\/wp\/v2\/comments?post=495"}],"version-history":[{"count":17,"href":"https:\/\/www.hservicebrasil.com.br\/index.php\/wp-json\/wp\/v2\/pages\/495\/revisions"}],"predecessor-version":[{"id":648,"href":"https:\/\/www.hservicebrasil.com.br\/index.php\/wp-json\/wp\/v2\/pages\/495\/revisions\/648"}],"wp:attachment":[{"href":"https:\/\/www.hservicebrasil.com.br\/index.php\/wp-json\/wp\/v2\/media?parent=495"}],"curies":[{"name":"wp","href":"https:\/\/api.w.org\/{rel}","templated":true}]}}