{"id":497,"date":"2025-08-24T12:53:38","date_gmt":"2025-08-24T15:53:38","guid":{"rendered":"https:\/\/www.hservicebrasil.com.br\/?page_id=497"},"modified":"2025-11-06T09:43:50","modified_gmt":"2025-11-06T12:43:50","slug":"preservacao-de-paineis-eletricos-em-operacao","status":"publish","type":"page","link":"https:\/\/www.hservicebrasil.com.br\/index.php\/preservacao-de-paineis-eletricos-em-operacao\/","title":{"rendered":"Preserva\u00e7\u00e3o de Pain\u00e9is El\u00e9tricos em Opera\u00e7\u00e3o"},"content":{"rendered":"\n[et_pb_section fb_built=&#8221;1&#8243; theme_builder_area=&#8221;post_content&#8221; _builder_version=&#8221;4.27.4&#8243; _module_preset=&#8221;default&#8221; custom_padding=&#8221;28px|||||&#8221;][et_pb_row _builder_version=&#8221;4.27.4&#8243; _module_preset=&#8221;default&#8221; theme_builder_area=&#8221;post_content&#8221; column_structure=&#8221;1_2,1_2&#8243; hover_enabled=&#8221;0&#8243; sticky_enabled=&#8221;0&#8243; use_custom_gutter=&#8221;on&#8221; gutter_width=&#8221;2&#8243;][et_pb_column _builder_version=&#8221;4.27.4&#8243; _module_preset=&#8221;default&#8221; type=&#8221;1_2&#8243; theme_builder_area=&#8221;post_content&#8221;][et_pb_text _builder_version=&#8221;4.27.4&#8243; _module_preset=&#8221;default&#8221; theme_builder_area=&#8221;post_content&#8221; hover_enabled=&#8221;0&#8243; sticky_enabled=&#8221;0&#8243;]<p>Pain\u00e9is el\u00e9tricos energizados em opera\u00e7\u00e3o sofrem com a oxida\u00e7\u00e3o dos ambientes corrosivos, comprometendo a funcionalidade e\/ou a vida \u00fatil dos componentes. A Preserva\u00e7\u00e3o destes pain\u00e9is consiste em dimensionar e instalar Difusores de VCI em pontos definidos pela exist\u00eancia de exaustores ou ventiladores. Garantia de um ano contra oxida\u00e7\u00e3o com inspe\u00e7\u00f5es semestrais da integridade dos difusores e dos corpos de prova.<\/p>[\/et_pb_text][\/et_pb_column][et_pb_column _builder_version=&#8221;4.27.4&#8243; _module_preset=&#8221;default&#8221; type=&#8221;1_2&#8243; theme_builder_area=&#8221;post_content&#8221;][et_pb_image src=&#8221;https:\/\/www.hservicebrasil.com.br\/wp-content\/uploads\/2025\/08\/img-paineis-eletricos2.jpg&#8221; _builder_version=&#8221;4.27.4&#8243; _module_preset=&#8221;default&#8221; theme_builder_area=&#8221;post_content&#8221; title_text=&#8221;img-paineis-eletricos2&#8243; hover_enabled=&#8221;0&#8243; sticky_enabled=&#8221;0&#8243;][\/et_pb_image][\/et_pb_column][\/et_pb_row][et_pb_row _builder_version=&#8221;4.27.4&#8243; _module_preset=&#8221;default&#8221; theme_builder_area=&#8221;post_content&#8221; column_structure=&#8221;1_2,1_2&#8243; hover_enabled=&#8221;0&#8243; sticky_enabled=&#8221;0&#8243;][et_pb_column _builder_version=&#8221;4.27.4&#8243; _module_preset=&#8221;default&#8221; type=&#8221;1_2&#8243; theme_builder_area=&#8221;post_content&#8221;][et_pb_text _builder_version=&#8221;4.27.4&#8243; _module_preset=&#8221;default&#8221; theme_builder_area=&#8221;post_content&#8221; header_2_font=&#8221;|700|||||||&#8221; hover_enabled=&#8221;0&#8243; sticky_enabled=&#8221;0&#8243; custom_margin=&#8221;||3px|||&#8221; header_2_text_color=&#8221;#E02B20&#8243;]<h2>PRESERVA\u00c7\u00c3O<\/h2>[\/et_pb_text][et_pb_blurb title=&#8221;01 &#8211; Estudo da carga de VCI e posi\u00e7\u00e3odos Difusores.&#8221; _builder_version=&#8221;4.27.4&#8243; _module_preset=&#8221;default&#8221; theme_builder_area=&#8221;post_content&#8221; use_icon=&#8221;on&#8221; font_icon=&#8221;&#x45;||divi||400&#8243; icon_placement=&#8221;left&#8221; header_font=&#8221;|700|||||||&#8221; header_font_size=&#8221;24px&#8221; hover_enabled=&#8221;0&#8243; sticky_enabled=&#8221;0&#8243; custom_margin=&#8221;||4px|||&#8221; header_line_height=&#8221;1.2em&#8221;][\/et_pb_blurb][et_pb_blurb title=&#8221;02 &#8211; Instala\u00e7\u00e3o dos Difusores.&#8221; _builder_version=&#8221;4.27.4&#8243; _module_preset=&#8221;default&#8221; theme_builder_area=&#8221;post_content&#8221; use_icon=&#8221;on&#8221; font_icon=&#8221;&#x45;||divi||400&#8243; icon_placement=&#8221;left&#8221; header_font=&#8221;|700|||||||&#8221; header_font_size=&#8221;24px&#8221; hover_enabled=&#8221;0&#8243; sticky_enabled=&#8221;0&#8243; custom_margin=&#8221;||4px|||&#8221; header_line_height=&#8221;1.2em&#8221;][\/et_pb_blurb][et_pb_blurb title=&#8221;03 &#8211; Instala\u00e7\u00e3o do corpo de prova.&#8221; _builder_version=&#8221;4.27.4&#8243; _module_preset=&#8221;default&#8221; theme_builder_area=&#8221;post_content&#8221; use_icon=&#8221;on&#8221; font_icon=&#8221;&#x45;||divi||400&#8243; icon_placement=&#8221;left&#8221; header_font=&#8221;|700|||||||&#8221; header_font_size=&#8221;24px&#8221; hover_enabled=&#8221;0&#8243; sticky_enabled=&#8221;0&#8243; custom_margin=&#8221;||4px|||&#8221; header_line_height=&#8221;1.2em&#8221;][\/et_pb_blurb][et_pb_blurb title=&#8221;04 &#8211; Aplica\u00e7\u00e3o da etiqueta de controle.&#8221; _builder_version=&#8221;4.27.4&#8243; _module_preset=&#8221;default&#8221; theme_builder_area=&#8221;post_content&#8221; use_icon=&#8221;on&#8221; font_icon=&#8221;&#x45;||divi||400&#8243; icon_placement=&#8221;left&#8221; header_font=&#8221;|700|||||||&#8221; header_font_size=&#8221;24px&#8221; hover_enabled=&#8221;0&#8243; sticky_enabled=&#8221;0&#8243; custom_margin=&#8221;||4px|||&#8221; header_line_height=&#8221;1.2em&#8221;][\/et_pb_blurb][et_pb_blurb title=&#8221;05 &#8211; Registro de controle do gerenciamento  de garantia e inspe\u00e7\u00f5es realizadas pela  H Service.&#8221; _builder_version=&#8221;4.27.4&#8243; _module_preset=&#8221;default&#8221; theme_builder_area=&#8221;post_content&#8221; use_icon=&#8221;on&#8221; font_icon=&#8221;&#x45;||divi||400&#8243; icon_placement=&#8221;left&#8221; header_font=&#8221;|700|||||||&#8221; header_font_size=&#8221;24px&#8221; hover_enabled=&#8221;0&#8243; sticky_enabled=&#8221;0&#8243; custom_margin=&#8221;||4px|||&#8221; header_line_height=&#8221;1.2em&#8221;][\/et_pb_blurb][et_pb_text _builder_version=&#8221;4.27.4&#8243; _module_preset=&#8221;default&#8221; theme_builder_area=&#8221;post_content&#8221; hover_enabled=&#8221;0&#8243; sticky_enabled=&#8221;0&#8243; custom_margin=&#8221;19px|||||&#8221;]<p><strong>OBSERVA\u00c7\u00d5ES<\/strong><br \/>\u2022 Prote\u00e7\u00e3o segura para equipamentos em funcionamento,<br \/>\u2022 N\u00e3o aumenta a resist\u00eancia em rel\u00e9s e interruptores,<br \/>\u2022 N\u00e3o provoca arco voltaico,<br \/>\u2022 Atinge locais de dif\u00edcil acesso -prote\u00e7\u00e3o pelo ar.<\/p>[\/et_pb_text][\/et_pb_column][et_pb_column _builder_version=&#8221;4.27.4&#8243; _module_preset=&#8221;default&#8221; type=&#8221;1_2&#8243; theme_builder_area=&#8221;post_content&#8221;][et_pb_text _builder_version=&#8221;4.27.4&#8243; _module_preset=&#8221;default&#8221; theme_builder_area=&#8221;post_content&#8221; header_2_font=&#8221;|700|||||||&#8221; hover_enabled=&#8221;0&#8243; sticky_enabled=&#8221;0&#8243; custom_margin=&#8221;||3px|||&#8221; header_2_text_color=&#8221;#E02B20&#8243;]<h2>LIMPEZA DOS COMPONENTES \u2013 OPCIONAL<\/h2>\n<p>Aplica\u00e7\u00e3o do ZSOLV DIE30 Solvente para limpeza e manuten\u00e7\u00e3o de componentes el\u00e9tricos:<\/p>[\/et_pb_text][et_pb_blurb title=&#8221;01 &#8211; Desempenho superior aos do mercado.&#8221; _builder_version=&#8221;4.27.4&#8243; _module_preset=&#8221;default&#8221; theme_builder_area=&#8221;post_content&#8221; use_icon=&#8221;on&#8221; font_icon=&#8221;&#x45;||divi||400&#8243; icon_placement=&#8221;left&#8221; header_font=&#8221;|700|||||||&#8221; header_font_size=&#8221;24px&#8221; hover_enabled=&#8221;0&#8243; sticky_enabled=&#8221;0&#8243; custom_margin=&#8221;||4px|||&#8221; header_line_height=&#8221;1.2em&#8221;][\/et_pb_blurb][et_pb_blurb title=&#8221;02 &#8211; Expulsa a umidade de pontos inacess\u00edveis.&#8221; _builder_version=&#8221;4.27.4&#8243; _module_preset=&#8221;default&#8221; theme_builder_area=&#8221;post_content&#8221; use_icon=&#8221;on&#8221; font_icon=&#8221;&#x45;||divi||400&#8243; icon_placement=&#8221;left&#8221; header_font=&#8221;|700|||||||&#8221; header_font_size=&#8221;24px&#8221; hover_enabled=&#8221;0&#8243; sticky_enabled=&#8221;0&#8243; custom_margin=&#8221;||4px|||&#8221; header_line_height=&#8221;1.2em&#8221;][\/et_pb_blurb][et_pb_blurb title=&#8221;03 &#8211; Rigidez diel\u00e9trica de 30.000 volts.&#8221; _builder_version=&#8221;4.27.4&#8243; _module_preset=&#8221;default&#8221; theme_builder_area=&#8221;post_content&#8221; use_icon=&#8221;on&#8221; font_icon=&#8221;&#x45;||divi||400&#8243; icon_placement=&#8221;left&#8221; header_font=&#8221;|700|||||||&#8221; header_font_size=&#8221;24px&#8221; hover_enabled=&#8221;0&#8243; sticky_enabled=&#8221;0&#8243; custom_margin=&#8221;||4px|||&#8221; header_line_height=&#8221;1.2em&#8221;][\/et_pb_blurb][et_pb_blurb title=&#8221;04 &#8211; Recupera motores el\u00e9tricos, sem uso de estufa.&#8221; _builder_version=&#8221;4.27.4&#8243; _module_preset=&#8221;default&#8221; theme_builder_area=&#8221;post_content&#8221; use_icon=&#8221;on&#8221; font_icon=&#8221;&#x45;||divi||400&#8243; icon_placement=&#8221;left&#8221; header_font=&#8221;|700|||||||&#8221; header_font_size=&#8221;24px&#8221; hover_enabled=&#8221;0&#8243; sticky_enabled=&#8221;0&#8243; custom_margin=&#8221;||4px|||&#8221; header_line_height=&#8221;1.2em&#8221;][\/et_pb_blurb][et_pb_blurb title=&#8221;05 &#8211; N\u00e3o afeta verniz, pl\u00e1stico ou borracha.&#8221; _builder_version=&#8221;4.27.4&#8243; _module_preset=&#8221;default&#8221; theme_builder_area=&#8221;post_content&#8221; use_icon=&#8221;on&#8221; font_icon=&#8221;&#x45;||divi||400&#8243; icon_placement=&#8221;left&#8221; header_font=&#8221;|700|||||||&#8221; header_font_size=&#8221;24px&#8221; hover_enabled=&#8221;0&#8243; sticky_enabled=&#8221;0&#8243; custom_margin=&#8221;||4px|||&#8221; header_line_height=&#8221;1.2em&#8221;][\/et_pb_blurb][et_pb_blurb title=&#8221;06 &#8211; At\u00f3xico.&#8221; _builder_version=&#8221;4.27.4&#8243; _module_preset=&#8221;default&#8221; theme_builder_area=&#8221;post_content&#8221; use_icon=&#8221;on&#8221; font_icon=&#8221;&#x45;||divi||400&#8243; icon_placement=&#8221;left&#8221; header_font=&#8221;|700|||||||&#8221; header_font_size=&#8221;24px&#8221; hover_enabled=&#8221;0&#8243; sticky_enabled=&#8221;0&#8243; custom_margin=&#8221;||4px|||&#8221; header_line_height=&#8221;1.2em&#8221;][\/et_pb_blurb][\/et_pb_column][\/et_pb_row][et_pb_row _builder_version=&#8221;4.27.4&#8243; _module_preset=&#8221;default&#8221; theme_builder_area=&#8221;post_content&#8221;][et_pb_column _builder_version=&#8221;4.27.4&#8243; _module_preset=&#8221;default&#8221; type=&#8221;4_4&#8243; theme_builder_area=&#8221;post_content&#8221;][et_pb_text _builder_version=&#8221;4.27.4&#8243; _module_preset=&#8221;default&#8221; theme_builder_area=&#8221;post_content&#8221; header_2_font=&#8221;|700|||||||&#8221; header_2_text_align=&#8221;center&#8221; hover_enabled=&#8221;0&#8243; sticky_enabled=&#8221;0&#8243;]<h2>DIFUSORES APLICADOS NOS PAIN\u00c9IS EL\u00c9TRICOS<\/h2>[\/et_pb_text][et_pb_image src=&#8221;https:\/\/www.hservicebrasil.com.br\/wp-content\/uploads\/2025\/08\/img-paineis-eletricos3.jpg&#8221; _builder_version=&#8221;4.27.4&#8243; _module_preset=&#8221;default&#8221; theme_builder_area=&#8221;post_content&#8221; title_text=&#8221;img-paineis-eletricos3&#8243; hover_enabled=&#8221;0&#8243; sticky_enabled=&#8221;0&#8243; width=&#8221;80%&#8221; module_alignment=&#8221;center&#8221;][\/et_pb_image][\/et_pb_column][\/et_pb_row][\/et_pb_section]\n","protected":false},"excerpt":{"rendered":"<p>Pain\u00e9is el\u00e9tricos energizados em opera\u00e7\u00e3o sofrem com a oxida\u00e7\u00e3o dos ambientes corrosivos, comprometendo a funcionalidade e\/ou a vida \u00fatil dos componentes. A Preserva\u00e7\u00e3o destes pain\u00e9is consiste em dimensionar e instalar Difusores de VCI em pontos definidos pela exist\u00eancia de exaustores ou ventiladores. Garantia de um ano contra oxida\u00e7\u00e3o com inspe\u00e7\u00f5es semestrais da integridade dos difusores e dos corpos de prova.PRESERVA\u00c7\u00c3OOBSERVA\u00c7\u00d5ES\u2022 Prote\u00e7\u00e3o segura para equipamentos em funcionamento,\u2022 N\u00e3o aumenta a resist\u00eancia em rel\u00e9s e interruptores,\u2022 N\u00e3o provoca arco voltaico,\u2022 Atinge locais de dif\u00edcil acesso -prote\u00e7\u00e3o pelo ar.LIMPEZA DOS COMPONENTES \u2013 OPCIONAL Aplica\u00e7\u00e3o do ZSOLV DIE30 Solvente para limpeza e manuten\u00e7\u00e3o de componentes el\u00e9tricos:DIFUSORES APLICADOS NOS PAIN\u00c9IS EL\u00c9TRICOS<\/p>\n","protected":false},"author":1,"featured_media":0,"parent":0,"menu_order":0,"comment_status":"closed","ping_status":"closed","template":"","meta":{"_et_pb_use_builder":"on","_et_pb_old_content":"","_et_gb_content_width":"","footnotes":""},"class_list":["post-497","page","type-page","status-publish","hentry"],"_links":{"self":[{"href":"https:\/\/www.hservicebrasil.com.br\/index.php\/wp-json\/wp\/v2\/pages\/497","targetHints":{"allow":["GET"]}}],"collection":[{"href":"https:\/\/www.hservicebrasil.com.br\/index.php\/wp-json\/wp\/v2\/pages"}],"about":[{"href":"https:\/\/www.hservicebrasil.com.br\/index.php\/wp-json\/wp\/v2\/types\/page"}],"author":[{"embeddable":true,"href":"https:\/\/www.hservicebrasil.com.br\/index.php\/wp-json\/wp\/v2\/users\/1"}],"replies":[{"embeddable":true,"href":"https:\/\/www.hservicebrasil.com.br\/index.php\/wp-json\/wp\/v2\/comments?post=497"}],"version-history":[{"count":6,"href":"https:\/\/www.hservicebrasil.com.br\/index.php\/wp-json\/wp\/v2\/pages\/497\/revisions"}],"predecessor-version":[{"id":649,"href":"https:\/\/www.hservicebrasil.com.br\/index.php\/wp-json\/wp\/v2\/pages\/497\/revisions\/649"}],"wp:attachment":[{"href":"https:\/\/www.hservicebrasil.com.br\/index.php\/wp-json\/wp\/v2\/media?parent=497"}],"curies":[{"name":"wp","href":"https:\/\/api.w.org\/{rel}","templated":true}]}}