{"id":499,"date":"2025-08-24T12:54:03","date_gmt":"2025-08-24T15:54:03","guid":{"rendered":"https:\/\/www.hservicebrasil.com.br\/?page_id=499"},"modified":"2025-11-06T14:49:37","modified_gmt":"2025-11-06T17:49:37","slug":"preservacao-de-flanges-e-valvulas-em-operacao","status":"publish","type":"page","link":"https:\/\/www.hservicebrasil.com.br\/index.php\/preservacao-de-flanges-e-valvulas-em-operacao\/","title":{"rendered":"Preserva\u00e7\u00e3o de Flanges e V\u00e1lvulas em Opera\u00e7\u00e3o"},"content":{"rendered":"<p>[et_pb_section fb_built=&#8221;1&#8243; _builder_version=&#8221;4.21.0&#8243; _module_preset=&#8221;default&#8221; global_colors_info=&#8221;{}&#8221; theme_builder_area=&#8221;post_content&#8221;][et_pb_row column_structure=&#8221;1_2,1_2&#8243; _builder_version=&#8221;4.27.4&#8243; _module_preset=&#8221;default&#8221; global_colors_info=&#8221;{}&#8221; theme_builder_area=&#8221;post_content&#8221;][et_pb_column type=&#8221;1_2&#8243; _builder_version=&#8221;4.21.0&#8243; _module_preset=&#8221;default&#8221; global_colors_info=&#8221;{}&#8221; theme_builder_area=&#8221;post_content&#8221;][et_pb_text _builder_version=&#8221;4.27.4&#8243; _module_preset=&#8221;default&#8221; header_2_font=&#8221;|700|||||||&#8221; global_colors_info=&#8221;{}&#8221; theme_builder_area=&#8221;post_content&#8221;]<\/p>\n<h2>APLICA\u00c7\u00c3O DE FITA VCI ZFS<\/h2>\n<p>\u00c9 um elast\u00f4mero viscoel\u00e1stico com subst\u00e2ncias aditivas VCI integrada na matriz polim\u00e9rica durante a extrus\u00e3o do material. Ambos os lados proporcionam uma prote\u00e7\u00e3o eficaz, atrav\u00e9s da volatiza\u00e7\u00e3o dos vapores inibidores de corros\u00e3o VCI. <\/p>\n<p>A fita possui alta performance para ambientes offshore mar\u00edtimo, como: \u00e0 prova d\u00b4\u00e1gua, calor, r\u00e1ios solares UV-A e UV-B e \u00edons de sais como cloretos.[\/et_pb_text][et_pb_gallery gallery_ids=&#8221;563,564&#8243; posts_number=&#8221;3&#8243; show_title_and_caption=&#8221;off&#8221; show_pagination=&#8221;off&#8221; _builder_version=&#8221;4.27.4&#8243; _module_preset=&#8221;default&#8221; border_width_all=&#8221;3px&#8221; border_color_all=&#8221;#E02B20&#8243; global_colors_info=&#8221;{}&#8221; theme_builder_area=&#8221;post_content&#8221;][\/et_pb_gallery][\/et_pb_column][et_pb_column type=&#8221;1_2&#8243; _builder_version=&#8221;4.21.0&#8243; _module_preset=&#8221;default&#8221; global_colors_info=&#8221;{}&#8221; theme_builder_area=&#8221;post_content&#8221;][dsm_before_after_image before_src=&#8221;https:\/\/www.hservicebrasil.com.br\/wp-content\/uploads\/2025\/08\/antes07.jpg&#8221; before_title_text=&#8221;Sem prote\u00e7\u00e3o&#8221; after_src=&#8221;https:\/\/www.hservicebrasil.com.br\/wp-content\/uploads\/2025\/08\/depois07.jpg&#8221; after_title_text=&#8221;Com prote\u00e7\u00e3o&#8221; before_label_text=&#8221;Sem prote\u00e7\u00e3o&#8221; after_label_text=&#8221;Com prote\u00e7\u00e3o&#8221; before_label_background_color=&#8221;#E02B20&#8243; after_label_background_color=&#8221;#E02B20&#8243; handle_border_color=&#8221;#E02B20&#8243; handle_background_color=&#8221;#E02B20&#8243; _builder_version=&#8221;4.27.4&#8243; _module_preset=&#8221;default&#8221; before_label_text_color=&#8221;#FFFFFF&#8221; hover_enabled=&#8221;0&#8243; border_width_all=&#8221;3px&#8221; border_color_all=&#8221;#E02B20&#8243; global_colors_info=&#8221;{}&#8221; theme_builder_area=&#8221;post_content&#8221; move_slider_on_hover=&#8221;on&#8221; click_to_move=&#8221;on&#8221; sticky_enabled=&#8221;0&#8243;][\/dsm_before_after_image][\/et_pb_column][\/et_pb_row][\/et_pb_section]<\/p>\n","protected":false},"excerpt":{"rendered":"<p>APLICA\u00c7\u00c3O DE FITA VCI ZFS \u00c9 um elast\u00f4mero viscoel\u00e1stico com subst\u00e2ncias aditivas VCI integrada na matriz polim\u00e9rica durante a extrus\u00e3o do material. Ambos os lados proporcionam uma prote\u00e7\u00e3o eficaz, atrav\u00e9s da volatiza\u00e7\u00e3o dos vapores inibidores de corros\u00e3o VCI. A fita possui alta performance para ambientes offshore mar\u00edtimo, como: \u00e0 prova d\u00b4\u00e1gua, calor, r\u00e1ios solares UV-A e UV-B e \u00edons de sais como cloretos.<div class=\"et_pb_with_border et_pb_module dsm_before_after_image dsm_before_after_image_0\">\n\t\t\t\t\n\t\t\t\t\n\t\t\t\t\n\t\t\t\t\n\t\t\t\t\n\t\t\t\t\n\t\t\t\t<div class=\"et_pb_module_inner\">\n\t\t\t\t\t<div class=\"dsm_before_after_image_wrapper\" data-params=[{\"offset\":\"0.5\",\"orientation\":\"horizontal\",\"overlay\":false,\"hover\":true,\"handle\":true,\"click\":true}]>\n\t\t\t\t\n\t\t\t\t\n\t\t\t\t<img decoding=\"async\" src=\"https:\/\/www.hservicebrasil.com.br\/wp-content\/uploads\/2025\/08\/antes07.jpg\" alt=\"\" title=\"Sem prote\u00e7\u00e3o\" srcset=\"https:\/\/www.hservicebrasil.com.br\/wp-content\/uploads\/2025\/08\/antes07.jpg 500w, https:\/\/www.hservicebrasil.com.br\/wp-content\/uploads\/2025\/08\/antes07-480x384.jpg 480w\" sizes=\"(min-width: 0px) and (max-width: 480px) 480px, (min-width: 481px) 500px, 100vw\" class=\"skip-lazy\" \/><img decoding=\"async\" src=\"https:\/\/www.hservicebrasil.com.br\/wp-content\/uploads\/2025\/08\/depois07.jpg\" alt=\"\" title=\"Com prote\u00e7\u00e3o\" srcset=\"https:\/\/www.hservicebrasil.com.br\/wp-content\/uploads\/2025\/08\/depois07.jpg 500w, https:\/\/www.hservicebrasil.com.br\/wp-content\/uploads\/2025\/08\/depois07-480x384.jpg 480w\" sizes=\"(min-width: 0px) and (max-width: 480px) 480px, (min-width: 481px) 500px, 100vw\" class=\"skip-lazy\" \/>\n\t\t\t<\/div>\n\t\t\t\t<\/div>\n\t\t\t<\/div><\/p>\n","protected":false},"author":1,"featured_media":0,"parent":0,"menu_order":0,"comment_status":"closed","ping_status":"closed","template":"","meta":{"_et_pb_use_builder":"on","_et_pb_old_content":"","_et_gb_content_width":"","footnotes":""},"class_list":["post-499","page","type-page","status-publish","hentry"],"_links":{"self":[{"href":"https:\/\/www.hservicebrasil.com.br\/index.php\/wp-json\/wp\/v2\/pages\/499","targetHints":{"allow":["GET"]}}],"collection":[{"href":"https:\/\/www.hservicebrasil.com.br\/index.php\/wp-json\/wp\/v2\/pages"}],"about":[{"href":"https:\/\/www.hservicebrasil.com.br\/index.php\/wp-json\/wp\/v2\/types\/page"}],"author":[{"embeddable":true,"href":"https:\/\/www.hservicebrasil.com.br\/index.php\/wp-json\/wp\/v2\/users\/1"}],"replies":[{"embeddable":true,"href":"https:\/\/www.hservicebrasil.com.br\/index.php\/wp-json\/wp\/v2\/comments?post=499"}],"version-history":[{"count":5,"href":"https:\/\/www.hservicebrasil.com.br\/index.php\/wp-json\/wp\/v2\/pages\/499\/revisions"}],"predecessor-version":[{"id":716,"href":"https:\/\/www.hservicebrasil.com.br\/index.php\/wp-json\/wp\/v2\/pages\/499\/revisions\/716"}],"wp:attachment":[{"href":"https:\/\/www.hservicebrasil.com.br\/index.php\/wp-json\/wp\/v2\/media?parent=499"}],"curies":[{"name":"wp","href":"https:\/\/api.w.org\/{rel}","templated":true}]}}