{"id":677,"date":"2025-11-06T10:42:12","date_gmt":"2025-11-06T13:42:12","guid":{"rendered":"https:\/\/www.hservicebrasil.com.br\/?page_id=677"},"modified":"2025-11-06T14:53:21","modified_gmt":"2025-11-06T17:53:21","slug":"contratos-2","status":"publish","type":"page","link":"https:\/\/www.hservicebrasil.com.br\/index.php\/contratos-2\/","title":{"rendered":"Contrato"},"content":{"rendered":"\n[et_pb_section fb_built=&#8221;1&#8243; theme_builder_area=&#8221;post_content&#8221; _builder_version=&#8221;4.27.4&#8243; _module_preset=&#8221;default&#8221;][et_pb_row _builder_version=&#8221;4.27.4&#8243; _module_preset=&#8221;default&#8221; theme_builder_area=&#8221;post_content&#8221;][et_pb_column _builder_version=&#8221;4.27.4&#8243; _module_preset=&#8221;default&#8221; type=&#8221;4_4&#8243; theme_builder_area=&#8221;post_content&#8221;][et_pb_image src=&#8221;https:\/\/www.hservicebrasil.com.br\/wp-content\/uploads\/2025\/11\/contrato.jpg&#8221; _builder_version=&#8221;4.27.4&#8243; _module_preset=&#8221;default&#8221; theme_builder_area=&#8221;post_content&#8221; title_text=&#8221;contrato-mobile&#8221; src_last_edited=&#8221;on|phone&#8221; hover_enabled=&#8221;0&#8243; sticky_enabled=&#8221;0&#8243; src_phone=&#8221;https:\/\/www.hservicebrasil.com.br\/wp-content\/uploads\/2025\/11\/contrato-mobile.jpg&#8221; src_tablet=&#8221;https:\/\/www.hservicebrasil.com.br\/wp-content\/uploads\/2025\/11\/contrato.jpg&#8221;][\/et_pb_image][\/et_pb_column][\/et_pb_row][et_pb_row _builder_version=&#8221;4.27.4&#8243; _module_preset=&#8221;default&#8221; theme_builder_area=&#8221;post_content&#8221; column_structure=&#8221;1_2,1_2&#8243;][et_pb_column _builder_version=&#8221;4.27.4&#8243; _module_preset=&#8221;default&#8221; type=&#8221;1_2&#8243; theme_builder_area=&#8221;post_content&#8221;][et_pb_text _builder_version=&#8221;4.27.4&#8243; _module_preset=&#8221;default&#8221; theme_builder_area=&#8221;post_content&#8221; hover_enabled=&#8221;0&#8243; sticky_enabled=&#8221;0&#8243;]<div>Dispon\u00edveis dois modelos de equipamentos: para volumes at\u00e9 1000L (UTVP-15) e volumes &gt; 1000 a 5000L (UTVP-30).<\/div>\n<div><\/div>\n<div>O contrato padr\u00e3o de 12 meses.<\/div>\n<div><\/div>\n<div>An\u00e1lises trimestrais dos \u00edndices de qualidade inclusos no contrato:<\/div>\n<div><\/div>\n<div><strong> &#8211; Potencial de verniz:<\/strong><\/div>\n<div>\u00a0 \u00a0:: <span> <\/span>Ideal &#8230;&#8230;&#8230;&#8230;&#8230;&#8230;.. &lt; 15.<\/div>\n<div>\u00a0 \u00a0:: Normal &#8230;&#8230;&#8230;&#8230;&#8230;. 15 a 30.<\/div>\n<div>\u00a0 \u00a0:: Anormal &#8230;&#8230;&#8230;&#8230;.. 31 a 40.<\/div>\n<div>\u00a0 \u00a0:: Cr\u00edtico &#8230;&#8230;&#8230;&#8230;&#8230;.. &gt; 40.<\/div>\n<div><strong>&#8211; TAN &#8230;&#8230;&#8230;&#8230;&#8230;&#8230;&#8230;..\u00a0 1 mgKOH\/g.<\/strong><\/div>\n<div><strong>&#8211; Viscosidade &#8230;&#8230;&#8230;&#8230;&#8230;&#8230;.. At\u00e9 10% para menor e at\u00e9 20% para maior.<\/strong><\/div>\n<div><strong>&#8211; Contagem de part\u00edculas &#8230;&#8230;&#8230;&#8230;&#8230;&#8230;&#8230;&#8230; &lt; NAS 5.<\/strong><\/div>\n<div><strong>&#8211; Satura\u00e7\u00e3o por \u00e1gua &#8230;&#8230;&#8230;&#8230;&#8230;&#8230;&#8230;&#8230;&#8230;&#8230; &lt; 30%.<\/strong><\/div>\n<div><strong> &#8211; Karl Fischer &#8230;&#8230;&#8230;&#8230;&#8230;&#8230;&#8230;&#8230;&#8230;.. &lt; 100 ppm.<\/strong><\/div>\n<div><\/div>\n<div>Garantia dos \u00edndices de qualidade (metas pr\u00e9-estabelecidas) ap\u00f3s 6 meses de contrato.<\/div>\n<div><\/div>\n<div>Potencial de verniz\u00a0 &gt; 40 exige a necessidade de \u201cDescontamina\u00e7\u00e3o do Sistema\u201d com reagente de lavagem e flushing posterior.<\/div>\n<div><\/div>\n<div><strong>&#8211; Aguardar potencial de verniz ficar 15 &lt; dE &lt; 30.<\/strong><\/div>\n<div><\/div>\n<div><strong>&#8211; Solubilizar o verniz aderido \u00e0s superf\u00edcies met\u00e1licas internas do equipamento.<\/strong><\/div>\n<div>\u00a0 ::Adicionar reagente ao \u00f3leo e circular por 36 horas.<\/div>\n<div>\u00a0 ::Drenar todo \u00f3leo e limpar reservat\u00f3rios e componentes de porte.<\/div>\n<div><\/div>\n<div><strong>&#8211; Realizar flushing.<\/strong><\/div>[\/et_pb_text][\/et_pb_column][et_pb_column _builder_version=&#8221;4.27.4&#8243; _module_preset=&#8221;default&#8221; type=&#8221;1_2&#8243; theme_builder_area=&#8221;post_content&#8221;][et_pb_text _builder_version=&#8221;4.27.4&#8243; _module_preset=&#8221;default&#8221; theme_builder_area=&#8221;post_content&#8221; hover_enabled=&#8221;0&#8243; sticky_enabled=&#8221;0&#8243;]<p><strong>Comp\u00f5e o contrato:<\/strong><\/p>\n<p>&#8211; Loca\u00e7\u00e3o da Unidade de Tratamento de Verniz e Part\u00edculas.<\/p>\n<p>&#8211; Instala\u00e7\u00e3o dos equipamentos pelo custo de um m\u00eas do contrato (fora da grande Salvador \u00e9 cobrado o custo de mobiliza\u00e7\u00e3o, hospedagem, transporte local e alimenta\u00e7\u00e3o).<\/p>\n<p>&#8211; As interliga\u00e7\u00f5es necess\u00e1rias para instala\u00e7\u00e3o das UTVP\u2019s s\u00e3o especificadas pela H Service e fornecidas pelo Cliente.<\/p>\n<p>&#8211; Fornecimento dos elementos filtrantes.<\/p>\n<p>&#8211; Fornecimento dos coletores de amostras de \u00f3leo.<\/p>\n<p>&#8211; An\u00e1lises laboratoriais regulares para monitora\u00e7\u00e3o dos \u00edndices de qualidade.\u00a0<\/p>\n<p><strong>N\u00e3o faz parte do contrato:<\/strong><\/p>\n<p>&#8211; Troca dos elementos filtrantes por contamina\u00e7\u00e3o elevada de \u00e1gua, contamina\u00e7\u00e3o por fluido do processo ou qualquer outro contaminante diferente de micro particulados s\u00f3lidos e verniz.<\/p>\n<p>&#8211; Falhas ou acidentes de responsabilidade do cliente.<\/p>\n<p>&#8211; Eventos de manuten\u00e7\u00e3o que terminem contaminando o \u00f3leo.<\/p>\n<p>&#8211; Custo de manuten\u00e7\u00e3o das UTVP\u2019s por falhas de opera\u00e7\u00e3o ou da rede el\u00e9trica do cliente.<\/p>\n<p>Cancelamento do Contrato pelo cliente ap\u00f3s 6 meses de opera\u00e7\u00e3o por n\u00e3o atingimento dos \u00edndices de qualidade estabelecidos n\u00e3o gera multa ou reembolso para o cliente.<\/p>\n<p>Cancelamento do Contrato pelo cliente antes do encerramento do prazo do contrato com os \u00edndices de qualidade (metas pr\u00e9-estabelecidas) dentro dos <br \/>limites, gera multa na integralidade dos meses faltantes.\u00a0<\/p>[\/et_pb_text][\/et_pb_column][\/et_pb_row][et_pb_row _builder_version=&#8221;4.27.4&#8243; _module_preset=&#8221;default&#8221; theme_builder_area=&#8221;post_content&#8221; column_structure=&#8221;1_3,1_3,1_3&#8243; hover_enabled=&#8221;0&#8243; sticky_enabled=&#8221;0&#8243; use_custom_gutter=&#8221;on&#8221; gutter_width=&#8221;2&#8243;][et_pb_column _builder_version=&#8221;4.27.4&#8243; _module_preset=&#8221;default&#8221; type=&#8221;1_3&#8243; theme_builder_area=&#8221;post_content&#8221; hover_enabled=&#8221;0&#8243; sticky_enabled=&#8221;0&#8243;][et_pb_text _builder_version=&#8221;4.27.4&#8243; _module_preset=&#8221;default&#8221; theme_builder_area=&#8221;post_content&#8221; background_color=&#8221;#E02B20&#8243; header_2_font=&#8221;|700|||||||&#8221; header_2_text_color=&#8221;#FFFFFF&#8221; custom_padding=&#8221;24px|20px|24px|20px|true|true&#8221; hover_enabled=&#8221;0&#8243; sticky_enabled=&#8221;0&#8243;]<h2>OP\u00c7\u00d5ES DE CONTRATRO ANUAL DE LOCA\u00c7\u00c3O<\/h2>[\/et_pb_text][\/et_pb_column][et_pb_column _builder_version=&#8221;4.27.4&#8243; _module_preset=&#8221;default&#8221; type=&#8221;1_3&#8243; theme_builder_area=&#8221;post_content&#8221;][et_pb_text _builder_version=&#8221;4.27.4&#8243; _module_preset=&#8221;default&#8221; theme_builder_area=&#8221;post_content&#8221; background_color=&#8221;#e5e5e5&#8243; header_2_font=&#8221;|700|||||||&#8221; header_2_text_color=&#8221;#E02B20&#8243; header_2_font_size=&#8221;30px&#8221; custom_padding=&#8221;20px|20px|20px|20px|true|true&#8221; hover_enabled=&#8221;0&#8243; sticky_enabled=&#8221;0&#8243;]<h2>UNIDADE UTV15<\/h2>\n<p>PARA RESERVAT\u00d3RIOS DE AT\u00c9 1000L<\/p>[\/et_pb_text][\/et_pb_column][et_pb_column _builder_version=&#8221;4.27.4&#8243; _module_preset=&#8221;default&#8221; type=&#8221;1_3&#8243; theme_builder_area=&#8221;post_content&#8221;][et_pb_text _builder_version=&#8221;4.27.4&#8243; _module_preset=&#8221;default&#8221; theme_builder_area=&#8221;post_content&#8221; background_color=&#8221;#e5e5e5&#8243; header_2_font=&#8221;|700|||||||&#8221; header_2_text_color=&#8221;#E02B20&#8243; header_2_font_size=&#8221;30px&#8221; custom_padding=&#8221;20px|20px|20px|20px|true|true&#8221; hover_enabled=&#8221;0&#8243; sticky_enabled=&#8221;0&#8243;]<h2>UNIDADE UTV30<\/h2>\nPARA RESERVAT\u00d3RIOS DE AT\u00c9 5000L[\/et_pb_text][\/et_pb_column][\/et_pb_row][\/et_pb_section]\n","protected":false},"excerpt":{"rendered":"<p>Dispon\u00edveis dois modelos de equipamentos: para volumes at\u00e9 1000L (UTVP-15) e volumes &gt; 1000 a 5000L (UTVP-30). O contrato padr\u00e3o de 12 meses. An\u00e1lises trimestrais dos \u00edndices de qualidade inclusos no contrato: &#8211; Potencial de verniz: \u00a0 \u00a0:: Ideal &#8230;&#8230;&#8230;&#8230;&#8230;&#8230;.. &lt; 15. \u00a0 \u00a0:: Normal &#8230;&#8230;&#8230;&#8230;&#8230;. 15 a 30. \u00a0 \u00a0:: Anormal &#8230;&#8230;&#8230;&#8230;.. 31 a 40. \u00a0 \u00a0:: Cr\u00edtico &#8230;&#8230;&#8230;&#8230;&#8230;.. &gt; 40. &#8211; TAN &#8230;&#8230;&#8230;&#8230;&#8230;&#8230;&#8230;..\u00a0 1 mgKOH\/g. &#8211; Viscosidade &#8230;&#8230;&#8230;&#8230;&#8230;&#8230;.. At\u00e9 10% para menor e at\u00e9 20% para maior. &#8211; Contagem de part\u00edculas &#8230;&#8230;&#8230;&#8230;&#8230;&#8230;&#8230;&#8230; &lt; NAS 5. &#8211; Satura\u00e7\u00e3o por \u00e1gua &#8230;&#8230;&#8230;&#8230;&#8230;&#8230;&#8230;&#8230;&#8230;&#8230; &lt; 30%. &#8211; Karl Fischer &#8230;&#8230;&#8230;&#8230;&#8230;&#8230;&#8230;&#8230;&#8230;.. &lt; 100 ppm. Garantia dos \u00edndices de qualidade (metas pr\u00e9-estabelecidas) ap\u00f3s 6 meses de contrato. Potencial de verniz\u00a0 &gt; 40 exige a necessidade de \u201cDescontamina\u00e7\u00e3o do Sistema\u201d com reagente de lavagem e flushing posterior. &#8211; Aguardar potencial de verniz ficar 15 &lt; dE &lt; 30. &#8211; Solubilizar o verniz aderido \u00e0s superf\u00edcies met\u00e1licas internas do equipamento. \u00a0 ::Adicionar reagente ao \u00f3leo e circular por 36 horas. \u00a0 ::Drenar todo \u00f3leo e limpar reservat\u00f3rios e componentes de porte. &#8211; Realizar flushing.Comp\u00f5e o contrato: &#8211; Loca\u00e7\u00e3o da Unidade de Tratamento de Verniz e Part\u00edculas. &#8211; Instala\u00e7\u00e3o dos equipamentos pelo custo de um m\u00eas do [&hellip;]<\/p>\n","protected":false},"author":1,"featured_media":0,"parent":0,"menu_order":0,"comment_status":"closed","ping_status":"closed","template":"","meta":{"_et_pb_use_builder":"on","_et_pb_old_content":"<!-- wp:divi\/placeholder \/-->","_et_gb_content_width":"","footnotes":""},"class_list":["post-677","page","type-page","status-publish","hentry"],"_links":{"self":[{"href":"https:\/\/www.hservicebrasil.com.br\/index.php\/wp-json\/wp\/v2\/pages\/677","targetHints":{"allow":["GET"]}}],"collection":[{"href":"https:\/\/www.hservicebrasil.com.br\/index.php\/wp-json\/wp\/v2\/pages"}],"about":[{"href":"https:\/\/www.hservicebrasil.com.br\/index.php\/wp-json\/wp\/v2\/types\/page"}],"author":[{"embeddable":true,"href":"https:\/\/www.hservicebrasil.com.br\/index.php\/wp-json\/wp\/v2\/users\/1"}],"replies":[{"embeddable":true,"href":"https:\/\/www.hservicebrasil.com.br\/index.php\/wp-json\/wp\/v2\/comments?post=677"}],"version-history":[{"count":6,"href":"https:\/\/www.hservicebrasil.com.br\/index.php\/wp-json\/wp\/v2\/pages\/677\/revisions"}],"predecessor-version":[{"id":717,"href":"https:\/\/www.hservicebrasil.com.br\/index.php\/wp-json\/wp\/v2\/pages\/677\/revisions\/717"}],"wp:attachment":[{"href":"https:\/\/www.hservicebrasil.com.br\/index.php\/wp-json\/wp\/v2\/media?parent=677"}],"curies":[{"name":"wp","href":"https:\/\/api.w.org\/{rel}","templated":true}]}}